{"id":391,"date":"2017-05-16T09:52:54","date_gmt":"2017-05-16T08:52:54","guid":{"rendered":"http:\/\/maryarchitecte.fr\/?page_id=391"},"modified":"2024-10-11T10:08:32","modified_gmt":"2024-10-11T09:08:32","slug":"travailler-ensemble","status":"publish","type":"page","link":"https:\/\/maryarchitecte.fr\/index.php\/travailler-ensemble\/","title":{"rendered":"Travailler ensemble"},"content":{"rendered":"<p>\u00c9tablie \u00e0\u00a0N\u00eemes depuis 2010, je vous accompagne de l&rsquo;\u00e9laboration de votre programme architectural \u00e0 la livraison de votre projet. Je vous propose diff\u00e9rentes phases de travail, pouvant se r\u00e9aliser de mani\u00e8re ind\u00e9pendante.<\/p>\n<p>Il n&rsquo;est pas toujours \u00e9vident de savoir vers o\u00f9 l&rsquo;on va et avec qui. Une phase d&rsquo;esquisse vous permet d&rsquo;en savoir plus, avec un premier rapport entre vos souhaits, leur r\u00e9ponse architecturale et le cout de construction que cela repr\u00e9sente. Cette commande d&rsquo;esquisse ne vous engage pas au del\u00e0 de ce premier bilan.<\/p>\n<p>Si mon approche vous correspond, vous avez la possibilit\u00e9 de continuer le projet avec la signature d&rsquo;un contrat d&rsquo;architecte en mission partielle jusqu&rsquo;au d\u00e9p\u00f4t de permis de construire ou en mission compl\u00e8te, jusqu&rsquo;\u00e0 la livraison de la construction.<\/p>\n","protected":false},"excerpt":{"rendered":"<p>\u00c9tablie \u00e0\u00a0N\u00eemes depuis 2010, je vous accompagne de l&rsquo;\u00e9laboration de votre programme architectural \u00e0 la livraison de votre projet. Je vous propose diff\u00e9rentes phases de travail, pouvant se r\u00e9aliser de mani\u00e8re ind\u00e9pendante. Il n&rsquo;est pas toujours \u00e9vident de savoir vers o\u00f9 l&rsquo;on va et avec qui. Une phase d&rsquo;esquisse vous permet d&rsquo;en savoir plus, avec&hellip; <\/p>\n<p class=\"more-link-p\"><a class=\"more-link\" href=\"https:\/\/maryarchitecte.fr\/index.php\/travailler-ensemble\/\">Continue reading <span class=\"meta-nav\">&rarr;<\/span><\/a><\/p>\n","protected":false},"author":1,"featured_media":0,"parent":0,"menu_order":0,"comment_status":"closed","ping_status":"closed","template":"","meta":[],"_links":{"self":[{"href":"https:\/\/maryarchitecte.fr\/index.php\/wp-json\/wp\/v2\/pages\/391"}],"collection":[{"href":"https:\/\/maryarchitecte.fr\/index.php\/wp-json\/wp\/v2\/pages"}],"about":[{"href":"https:\/\/maryarchitecte.fr\/index.php\/wp-json\/wp\/v2\/types\/page"}],"author":[{"embeddable":true,"href":"https:\/\/maryarchitecte.fr\/index.php\/wp-json\/wp\/v2\/users\/1"}],"replies":[{"embeddable":true,"href":"https:\/\/maryarchitecte.fr\/index.php\/wp-json\/wp\/v2\/comments?post=391"}],"version-history":[{"count":4,"href":"https:\/\/maryarchitecte.fr\/index.php\/wp-json\/wp\/v2\/pages\/391\/revisions"}],"predecessor-version":[{"id":1023,"href":"https:\/\/maryarchitecte.fr\/index.php\/wp-json\/wp\/v2\/pages\/391\/revisions\/1023"}],"wp:attachment":[{"href":"https:\/\/maryarchitecte.fr\/index.php\/wp-json\/wp\/v2\/media?parent=391"}],"curies":[{"name":"wp","href":"https:\/\/api.w.org\/{rel}","templated":true}]}}