{"id":397,"date":"2017-05-16T10:37:47","date_gmt":"2017-05-16T09:37:47","guid":{"rendered":"http:\/\/maryarchitecte.fr\/?page_id=397"},"modified":"2024-10-11T10:06:20","modified_gmt":"2024-10-11T09:06:20","slug":"la-demarche-environnementale","status":"publish","type":"page","link":"https:\/\/maryarchitecte.fr\/index.php\/la-demarche-environnementale\/","title":{"rendered":"La d\u00e9marche environnementale"},"content":{"rendered":"<p>Cela consiste \u00e0 tirer un profit d&rsquo;ordre \u00e9nerg\u00e9tique de l&rsquo;environnement ext\u00e9rieur.<\/p>\n<p>Donc dans notre r\u00e9gion, orienter judicieusement le projet de telle sorte qu&rsquo;il b\u00e9n\u00e9ficie des apports \u00e9nerg\u00e9tiques du soleil en hiver tout en se souciant de le prot\u00e9ger en p\u00e9riode estivale et garantir \u00e0 ses usagers un confort d&rsquo;\u00e9t\u00e9 optimal.<\/p>\n<p>Selon le choix de structure s\u00e9lectionn\u00e9, apporter un suppl\u00e9ment d&rsquo;inertie avec des murs ou sol massifs afin que la construction soit capable d&rsquo;accumuler des calories offertes par le soleil en hiver ou de la fraicheur nocturne en \u00e9t\u00e9, et assurer un bon d\u00e9phasage, garant du confort thermique de la construction.<\/p>\n<p>Employer des solution simples de ventilation naturelle permettant une surventilation nocturne l&rsquo;\u00e9t\u00e9 tout en garantissant la s\u00e9curit\u00e9 des occupants.<\/p>\n<p>Je suis \u00e9galement sensible \u00e0 l&rsquo;\u00e9nergie grise du projet architectural. C&rsquo;est \u00e0 dire le recourt minimal aux \u00e9nergies fossiles pour sa construction. Cela passe par le choix du syst\u00e8me constructif, des mat\u00e9riaux isolants, rev\u00eatement de sol, peinture, enduits, etc. Ces choix dans un but environnemental mais qui sont profitable en premier lieu \u00e0 la sant\u00e9 des usagers.<\/p>\n<p>Je privil\u00e9gierai l&rsquo;utilisation de mat\u00e9riaux sains, naturels ou peu transform\u00e9s, valorisables et issus en priorit\u00e9 de circuits courts.<\/p>\n<p>Je suis apte \u00e0 concevoir des b\u00e2timents con\u00e7us en structure bois et isol\u00e9s en paille. Ce proc\u00e9d\u00e9 constructif r\u00e9glement\u00e9 et encadr\u00e9 r\u00e9pond parfaitement \u00e0 l&rsquo;approche bioclimatique dont se soucie de plus en plus de nos concitoyens. En effet, la paille est un excellent isolant et apporte un d\u00e9phasage de 10 \u00e0 12 heures. Elle est peu ch\u00e8re et est issue de circuits courts. Le bois a une faible \u00e9nergie grise. Il peut \u00eatre issu d&rsquo;exploitations se situant dans un rayon proche du projet ; il est renouvelable et valorisable.<\/p>\n<p>Je suis disponible pour r\u00e9pondre \u00e0 vos interrogations si cette d\u00e9marche vous int\u00e9resse.<\/p>\n","protected":false},"excerpt":{"rendered":"<p>Cela consiste \u00e0 tirer un profit d&rsquo;ordre \u00e9nerg\u00e9tique de l&rsquo;environnement ext\u00e9rieur. Donc dans notre r\u00e9gion, orienter judicieusement le projet de telle sorte qu&rsquo;il b\u00e9n\u00e9ficie des apports \u00e9nerg\u00e9tiques du soleil en hiver tout en se souciant de le prot\u00e9ger en p\u00e9riode estivale et garantir \u00e0 ses usagers un confort d&rsquo;\u00e9t\u00e9 optimal. Selon le choix de structure&hellip; <\/p>\n<p class=\"more-link-p\"><a class=\"more-link\" href=\"https:\/\/maryarchitecte.fr\/index.php\/la-demarche-environnementale\/\">Continue reading <span class=\"meta-nav\">&rarr;<\/span><\/a><\/p>\n","protected":false},"author":1,"featured_media":0,"parent":0,"menu_order":0,"comment_status":"closed","ping_status":"closed","template":"","meta":[],"_links":{"self":[{"href":"https:\/\/maryarchitecte.fr\/index.php\/wp-json\/wp\/v2\/pages\/397"}],"collection":[{"href":"https:\/\/maryarchitecte.fr\/index.php\/wp-json\/wp\/v2\/pages"}],"about":[{"href":"https:\/\/maryarchitecte.fr\/index.php\/wp-json\/wp\/v2\/types\/page"}],"author":[{"embeddable":true,"href":"https:\/\/maryarchitecte.fr\/index.php\/wp-json\/wp\/v2\/users\/1"}],"replies":[{"embeddable":true,"href":"https:\/\/maryarchitecte.fr\/index.php\/wp-json\/wp\/v2\/comments?post=397"}],"version-history":[{"count":5,"href":"https:\/\/maryarchitecte.fr\/index.php\/wp-json\/wp\/v2\/pages\/397\/revisions"}],"predecessor-version":[{"id":1022,"href":"https:\/\/maryarchitecte.fr\/index.php\/wp-json\/wp\/v2\/pages\/397\/revisions\/1022"}],"wp:attachment":[{"href":"https:\/\/maryarchitecte.fr\/index.php\/wp-json\/wp\/v2\/media?parent=397"}],"curies":[{"name":"wp","href":"https:\/\/api.w.org\/{rel}","templated":true}]}}